{"id":28580,"date":"2022-06-15T15:09:53","date_gmt":"2022-06-15T15:09:53","guid":{"rendered":"https:\/\/www.catherinelansfield.pt\/?post_type=product&#038;p=28580"},"modified":"2026-03-01T01:25:37","modified_gmt":"2026-03-01T01:25:37","slug":"baby-sheet-set-check-stripe-grey","status":"publish","type":"product","link":"https:\/\/www.catherinelansfield.pt\/en\/produto\/baby-sheet-set-check-stripe-grey\/","title":{"rendered":"Baby Sheet Set Check &#038; Stripe Grey"},"content":{"rendered":"<p>Baby Sheet Set Check &amp; Stripe Grey. Includes Flat Sheet 100\u00d7160 cm, Fitted Sheet 60\u00d7120 cm and Pillowcase 30\u00d750 cm. In 100% cotton for a greater sense of comfort, without giving up however, the design and beauty characteristic of BIANCA products.<\/p>\n<p>Textile products produced mostly in cotton become softer, more comfortable and breathable in order to create a greater sense of well-being promoting a relaxing sleep.<\/p>\n<p>Our Baby Sheet Set should be washed in the washing machine at 40\u00baC and should dry at a low temperature, in fact it is expressly forbidden to use bleach. Iron at a maximum temperature of 150 degrees Centigrade. Content; 100% Cotton.<\/p>\n<p>You can also find other products with the BIANCA quality label that you can use for the purpose of decorating your room combining the highest quality of the products with the greatest feeling of comfort.<\/p>\n<p>All BIANCA products are designed and developed with the utmost comfort and well-being in mind. BIANCA is an International Brand of home textile products with exclusive design, combined with high quality and performance at extremely competitive prices.<\/p>\n<p><span class=\"a-list-item\">BIANCA is renowned for style and quality \u2013 An everyday essential for those who love great home fashion.<\/span><\/p>\n<p>Photo is merely illustrative.\u00a0 In case of doubts, please\u00a0<a href=\"https:\/\/www.catherinelansfield.pt\/contacte-nos\/\">Contact us<\/a>.<\/p>\n","protected":false},"excerpt":{"rendered":"<p>Baby Sheet Set Check &amp; Stripe Grey. Includes Flat Sheet 100\u00d7160 cm, Fitted Sheet 60\u00d7120 cm and Pillowcase 30\u00d750 cm. In 100% cotton for a greater sense of comfort, without giving up however, the design and beauty characteristic of BIANCA products. Textile products produced mostly in cotton become softer, more comfortable and breathable in order [&hellip;]<\/p>\n","protected":false},"featured_media":28547,"comment_status":"open","ping_status":"closed","template":"","meta":[],"product_brand":[],"product_cat":[200,218],"product_tag":[],"yst_prominent_words":[3334,6537,6541,1519,4559,7253,3075,3072,589,4704,5554,3078,3073,3076,611,6544,4706,657,3079,4707],"class_list":{"0":"post-28580","1":"product","2":"type-product","3":"status-publish","4":"has-post-thumbnail","6":"product_cat-kids","7":"product_cat-baby-kids","8":"brand-bianca-cottonsoft-en","10":"first","11":"instock","12":"taxable","13":"shipping-taxable","14":"purchasable","15":"product-type-variable"},"_links":{"self":[{"href":"https:\/\/www.catherinelansfield.pt\/en\/wp-json\/wp\/v2\/product\/28580","targetHints":{"allow":["GET"]}}],"collection":[{"href":"https:\/\/www.catherinelansfield.pt\/en\/wp-json\/wp\/v2\/product"}],"about":[{"href":"https:\/\/www.catherinelansfield.pt\/en\/wp-json\/wp\/v2\/types\/product"}],"replies":[{"embeddable":true,"href":"https:\/\/www.catherinelansfield.pt\/en\/wp-json\/wp\/v2\/comments?post=28580"}],"wp:featuredmedia":[{"embeddable":true,"href":"https:\/\/www.catherinelansfield.pt\/en\/wp-json\/wp\/v2\/media\/28547"}],"wp:attachment":[{"href":"https:\/\/www.catherinelansfield.pt\/en\/wp-json\/wp\/v2\/media?parent=28580"}],"wp:term":[{"taxonomy":"product_brand","embeddable":true,"href":"https:\/\/www.catherinelansfield.pt\/en\/wp-json\/wp\/v2\/product_brand?post=28580"},{"taxonomy":"product_cat","embeddable":true,"href":"https:\/\/www.catherinelansfield.pt\/en\/wp-json\/wp\/v2\/product_cat?post=28580"},{"taxonomy":"product_tag","embeddable":true,"href":"https:\/\/www.catherinelansfield.pt\/en\/wp-json\/wp\/v2\/product_tag?post=28580"},{"taxonomy":"yst_prominent_words","embeddable":true,"href":"https:\/\/www.catherinelansfield.pt\/en\/wp-json\/wp\/v2\/yst_prominent_words?post=28580"}],"curies":[{"name":"wp","href":"https:\/\/api.w.org\/{rel}","templated":true}]}}